{"id":1141,"date":"2025-12-11T21:20:11","date_gmt":"2025-12-11T21:20:11","guid":{"rendered":"https:\/\/paneon.me\/?page_id=1141"},"modified":"2025-12-11T21:20:11","modified_gmt":"2025-12-11T21:20:11","slug":"our-story","status":"publish","type":"page","link":"https:\/\/paneon.me\/de\/our-story\/","title":{"rendered":"Unsere Geschichte"},"content":{"rendered":"<div data-elementor-type=\"wp-page\" data-elementor-id=\"1141\" class=\"elementor elementor-1141\" data-elementor-post-type=\"page\">\n\t\t\t\t<div class=\"elementor-element elementor-element-675a1712 e-con-full e-flex e-con e-parent\" data-id=\"675a1712\" data-element_type=\"container\">\n\t\t\t\t<div class=\"elementor-element elementor-element-e296e4e elementor-widget elementor-widget-html\" data-id=\"e296e4e\" data-element_type=\"widget\" data-widget_type=\"html.default\">\n\t\t\t\t<div class=\"elementor-widget-container\">\n\t\t\t\t\t<style>\r\n\r\n.fillwidth {\r\nflex:1 !important;\r\n}\r\n.pan-reviews p {\r\ntext-align: center;\r\nfont-family: \"New Zen\" !important;\r\nfont-weight: 500;\r\nline-height: normal;\r\nletter-spacing: 0.28px;\r\nmargin: 0 !important;\r\n}\r\n\r\n.prime-btn a {\r\n    color: #FFF;\r\ntext-align: center;\r\nfont-family: \"New Zen\" !important;\r\nfont-style: normal;\r\nfont-weight: 500;\r\nline-height: normal;\r\nletter-spacing: 0.4px;\r\nborder-radius: 30px;\r\nbackground: #86BC7A !important;\r\ndisplay: flex;\r\njustify-content: center;\r\nalign-items: center;\r\ngap: 10px;\r\nheight: 47px;\r\n}\r\n.second-btn a {\r\n    border-radius: 30px;\r\nborder: 1.25px solid #FFF;\r\nbackground: transparent !important;\r\ncolor: #FFF;\r\ntext-align: center;\r\nfont-family: \"New Zen\" !important;\r\nfont-size: 20px !important;\r\nfont-style: normal;\r\nfont-weight: 500;\r\nline-height: normal;\r\nletter-spacing: 0.4px;\r\ndisplay: flex;\r\nwidth: 190px;\r\nheight: 47px;\r\njustify-content: center;\r\nalign-items: center;\r\nflex-shrink: 0;\r\n}\r\n.second-btn .elementor-button-text {\r\n    display: flex;\r\n    align-items: center;\r\n}\r\n.third-btn a {\r\n    color: #86BC7A;\r\ntext-align: center;\r\nfont-family: \"New Zen\" !important;\r\nfont-style: normal;\r\nfont-weight: 500;\r\nline-height: normal;\r\nletter-spacing: 0.4px;\r\nborder-radius: 30px;\r\nbackground: #fff;\r\ndisplay: flex;\r\njustify-content: center;\r\nalign-items: center;\r\ngap: 10px;\r\nheight: 47px;\r\n}\r\n\r\n.sml-number h3 {\r\n    position: relative;\r\n    color: #A9A9A9;\r\ntext-align: center;\r\nfont-family: \"New Zen\" !important;\r\nfont-size: 18px !important;\r\nfont-style: normal;\r\nfont-weight: 700;\r\nline-height: 25px; \/* 138.889% *\/\r\nwidth: 28px;\r\nheight: 28px;\r\nborder-radius: 50%;\r\nbackground: #FEEFD2;\r\ndisplay: flex;\r\nalign-items: center;\r\njustify-content: center;\r\n}\r\n.sml-number h3::after {\r\n    position: absolute;\r\n    top: 20px;\r\n    left: 50%;\r\n    content: '';\r\n    border-radius: 12px;\r\nbackground: #FEEFD2;\r\nwidth: 6px;\r\nheight: 145px;\r\ntransform: translateX(-50%);\r\n}\r\n.sml-number.last h3::after {\r\n    position: absolute;\r\n    top: 20px;\r\n    left: 50%;\r\n    content: '';\r\n    border-radius: 12px;\r\nbackground: #FEEFD2;\r\nwidth: 6px;\r\nheight: 80px;\r\ntransform: translateX(-50%);\r\n}\r\n.pan-steps h1 {\r\n    color: #FEEFD2;\r\nfont-family: \"New Zen\" !important;\r\nfont-size: 32px;\r\nfont-style: normal;\r\nfont-weight: 700;\r\nline-height: normal; \/* 203.125% *\/\r\nletter-spacing: 0.64px;\r\n}\r\n.pan-steps p {\r\n    color: #FFF;\r\nfont-family: \"New Zen\" !important;\r\nfont-style: normal;\r\nfont-weight: 400;\r\nline-height: normal;\r\nletter-spacing: 0.4px;\r\n}\r\n\r\n.pan-promise .title h1 {\r\n   color: #000;\r\nfont-family: \"New Zen\" !important;\r\nfont-size: 40px;\r\nfont-style: normal;\r\nfont-weight: 700;\r\nline-height: normal; \/* 162.5% *\/\r\nletter-spacing: 0.8px;\r\n}\r\n.pan-promise .subtitle p {\r\n    color: #000;\r\ntext-align: center;\r\nfont-family: \"New Zen\" !important;\r\nfont-size: 20px;\r\nfont-style: italic;\r\nfont-weight: 500;\r\nline-height: normal;\r\nletter-spacing: 0.4px;\r\n}\r\n.pan-product {\r\n    margin-bottom: 30px;\r\n}\r\n\r\n.pan-product .title h1 {\r\n   color: #000;\r\nfont-family: \"New Zen\" !important;\r\nfont-size: 40px;\r\nfont-style: normal;\r\nfont-weight: 700;\r\nline-height: normal; \/* 162.5% *\/\r\nletter-spacing: 0.8px;\r\n}\r\n.pan-product .subtitle p {\r\n    color: #000;\r\ntext-align: center;\r\nfont-family: \"New Zen\" !important;\r\nfont-size: 22px;\r\nfont-style: normal;\r\nfont-weight: 500;\r\nline-height: normal; \/* 154.545% *\/\r\nletter-spacing: 0.44px;\r\n}\r\n.pan-rewards h1 {\r\nfont-family: \"New Zen\" !important;\r\nfont-style: normal;\r\nfont-weight: 700;\r\nline-height: normal; \/* 162.5% *\/\r\nletter-spacing: 0.8px;\r\n}\r\n.pan-rewards p {\r\nfont-family: \"New Zen\" !important;\r\nfont-style: normal;\r\nfont-weight: 500;\r\nline-height: normal; \/* 154.545% *\/\r\nletter-spacing: 0.44px;\r\n}\r\n@media screen and (max-width: 991px) {\r\n    \r\n.bannerdesk {\r\n    display: none\r\n}\r\n.bannertab {\r\n    display: block\r\n}\r\n.bannermob {\r\n    display: none\r\n}\r\n\r\n.banner-content {\r\n    left: 5%;\r\n    \r\n    width: 85%\r\n}\r\n.pan-secrets .img-absolute {\r\n    position: relative\r\n}\r\n.pan-secrets .img-absolute-2 {\r\n    position: relative\r\n}\r\n.pan-rewards .img-absolute-3 {\r\n    position: absolute;\r\n    right: 0;\r\n}\r\n}\r\n@media screen and (max-width: 767px) {\r\n    \r\n.bannerdesk {\r\n    display: none\r\n}\r\n.bannertab {\r\n    display: none\r\n}\r\n.bannermob {\r\n    display: block\r\n}\r\n.pan-rewards .img-absolute-3 {\r\nposition: relative;\r\n}\r\n}\r\n<\/style>\t\t\t\t<\/div>\n\t\t\t\t<\/div>\n\t\t<div class=\"elementor-element elementor-element-539b809 e-flex e-con-boxed e-con e-child\" data-id=\"539b809\" data-element_type=\"container\" data-settings=\"{&quot;background_background&quot;:&quot;classic&quot;}\">\n\t\t\t\t\t<div class=\"e-con-inner\">\n\t\t\t\t<div class=\"elementor-element elementor-element-3320a4f elementor-widget elementor-widget-heading\" data-id=\"3320a4f\" data-element_type=\"widget\" data-widget_type=\"heading.default\">\n\t\t\t\t<div class=\"elementor-widget-container\">\n\t\t\t\t\t<h2 class=\"elementor-heading-title elementor-size-default\">Unsere Geschichte<\/h2>\t\t\t\t<\/div>\n\t\t\t\t<\/div>\n\t\t\t\t\t<\/div>\n\t\t\t\t<\/div>\n\t\t\t\t<\/div>\n\t\t<div class=\"elementor-element elementor-element-76eae653 pan-why e-flex e-con-boxed e-con e-parent\" data-id=\"76eae653\" data-element_type=\"container\">\n\t\t\t\t\t<div class=\"e-con-inner\">\n\t\t<div class=\"elementor-element elementor-element-48c0dd3d e-con-full e-flex e-con e-child\" data-id=\"48c0dd3d\" data-element_type=\"container\" data-settings=\"{&quot;background_background&quot;:&quot;classic&quot;}\">\n\t\t<div class=\"elementor-element elementor-element-b40287e e-con-full e-flex e-con e-child\" data-id=\"b40287e\" data-element_type=\"container\">\n\t\t\t\t<div class=\"elementor-element elementor-element-641ea507 elementor-widget elementor-widget-image\" data-id=\"641ea507\" data-element_type=\"widget\" data-widget_type=\"image.default\">\n\t\t\t\t<div class=\"elementor-widget-container\">\n\t\t\t\t\t\t\t\t\t\t\t\t\t\t\t<img fetchpriority=\"high\" decoding=\"async\" width=\"470\" height=\"666\" src=\"https:\/\/paneon.me\/wp-content\/uploads\/2025\/09\/elvis15internet1klein_end-1-3-1.webp\" class=\"attachment-full size-full wp-image-1211\" alt=\"\" srcset=\"https:\/\/paneon.me\/wp-content\/uploads\/2025\/09\/elvis15internet1klein_end-1-3-1.webp 470w, https:\/\/paneon.me\/wp-content\/uploads\/2025\/09\/elvis15internet1klein_end-1-3-1-212x300.webp 212w, https:\/\/paneon.me\/wp-content\/uploads\/2025\/09\/elvis15internet1klein_end-1-3-1-8x12.webp 8w\" sizes=\"(max-width: 470px) 100vw, 470px\" \/>\t\t\t\t\t\t\t\t\t\t\t\t\t\t\t<\/div>\n\t\t\t\t<\/div>\n\t\t\t\t<\/div>\n\t\t<div class=\"elementor-element elementor-element-3616a10c e-con-full e-flex e-con e-child\" data-id=\"3616a10c\" data-element_type=\"container\">\n\t\t\t\t<div class=\"elementor-element elementor-element-238ca08d elementor-widget elementor-widget-heading\" data-id=\"238ca08d\" data-element_type=\"widget\" data-widget_type=\"heading.default\">\n\t\t\t\t<div class=\"elementor-widget-container\">\n\t\t\t\t\t<h1 class=\"elementor-heading-title elementor-size-default\">Warum wir existieren<\/h1>\t\t\t\t<\/div>\n\t\t\t\t<\/div>\n\t\t\t\t<div class=\"elementor-element elementor-element-3d710876 elementor-widget elementor-widget-text-editor\" data-id=\"3d710876\" data-element_type=\"widget\" data-widget_type=\"text-editor.default\">\n\t\t\t\t<div class=\"elementor-widget-container\">\n\t\t\t\t\t\t\t\t\t<p>Unser fr\u00fcherer Familienhund Max, im Alter von 14 Jahren, wurde von unserem Tierarzt f\u00fcr tot gehalten, der ihm vorgeschlagen hatte, sein Leiden zu lindern. Nat\u00fcrlich waren wir schockiert \u2013 es brach uns das Herz und wir waren verzweifelt.<\/p><p>Zum Gl\u00fcck hatten wir sture Freunde, die uns st\u00e4ndig dr\u00e4ngten, ihm ihr \u201eWundermittel\u201c zu geben \u2013 und er erholte sich tats\u00e4chlich sehr schnell, als w\u00e4re nichts passiert!<\/p><p>Wir wussten sofort, dass wir das Wissen \u00fcber gesunde, nat\u00fcrliche Ern\u00e4hrung verbreiten mussten!<\/p>\t\t\t\t\t\t\t\t<\/div>\n\t\t\t\t<\/div>\n\t\t\t\t<\/div>\n\t\t\t\t<\/div>\n\t\t\t\t\t<\/div>\n\t\t\t\t<\/div>\n\t\t<div class=\"elementor-element elementor-element-33f7eb13 pan-why e-flex e-con-boxed e-con e-parent\" data-id=\"33f7eb13\" data-element_type=\"container\">\n\t\t\t\t\t<div class=\"e-con-inner\">\n\t\t<div class=\"elementor-element elementor-element-119ebfed e-con-full e-flex e-con e-child\" data-id=\"119ebfed\" data-element_type=\"container\" data-settings=\"{&quot;background_background&quot;:&quot;classic&quot;}\">\n\t\t<div class=\"elementor-element elementor-element-469304e9 e-con-full e-flex e-con e-child\" data-id=\"469304e9\" data-element_type=\"container\">\n\t\t\t\t<div class=\"elementor-element elementor-element-2e393753 elementor-widget elementor-widget-heading\" data-id=\"2e393753\" data-element_type=\"widget\" data-widget_type=\"heading.default\">\n\t\t\t\t<div class=\"elementor-widget-container\">\n\t\t\t\t\t<h1 class=\"elementor-heading-title elementor-size-default\">Wie wir angefangen haben<\/h1>\t\t\t\t<\/div>\n\t\t\t\t<\/div>\n\t\t\t\t<div class=\"elementor-element elementor-element-4f6493c0 elementor-widget elementor-widget-text-editor\" data-id=\"4f6493c0\" data-element_type=\"widget\" data-widget_type=\"text-editor.default\">\n\t\t\t\t<div class=\"elementor-widget-container\">\n\t\t\t\t\t\t\t\t\t<p>Nachdem wir zun\u00e4chst f\u00fcr das Unternehmen gearbeitet haben, das Max gerettet hat, gr\u00fcndeten wir 2010 schlie\u00dflich unser eigenes Unternehmen, da uns die Erfahrung zeigte, dass dies der einzige Weg ist, die beste Qualit\u00e4t zu garantieren.<\/p><p>Wir, die Gr\u00fcnder von PANEON, Andrea und Albert Pucher, sind seit 1976 gl\u00fccklich verheiratet. Unsere 2 S\u00f6hne, Christian und Martin, arbeiten ebenfalls in unserem Unternehmen \u2013 es ist ein familiengef\u00fchrtes Unternehmen.<\/p><p>Mit \u00fcber 30 Jahren Erfahrung im Bereich der menschlichen Gesundheit und 20 Jahren in der Tiergesundheit haben wir inzwischen tausenden zufriedenen Kunden geholfen. Wir w\u00fcrden uns freuen, auch dich zu unterst\u00fctzen!<\/p>\t\t\t\t\t\t\t\t<\/div>\n\t\t\t\t<\/div>\n\t\t\t\t<\/div>\n\t\t<div class=\"elementor-element elementor-element-4a16c4be e-con-full e-flex e-con e-child\" data-id=\"4a16c4be\" data-element_type=\"container\">\n\t\t\t\t<div class=\"elementor-element elementor-element-519f0b36 elementor-widget elementor-widget-image\" data-id=\"519f0b36\" data-element_type=\"widget\" data-widget_type=\"image.default\">\n\t\t\t\t<div class=\"elementor-widget-container\">\n\t\t\t\t\t\t\t\t\t\t\t\t\t\t\t<img decoding=\"async\" width=\"470\" height=\"703\" src=\"https:\/\/paneon.me\/wp-content\/uploads\/2025\/09\/pan16.png\" class=\"attachment-full size-full wp-image-1137\" alt=\"\" srcset=\"https:\/\/paneon.me\/wp-content\/uploads\/2025\/09\/pan16.png 470w, https:\/\/paneon.me\/wp-content\/uploads\/2025\/09\/pan16-201x300.png 201w, https:\/\/paneon.me\/wp-content\/uploads\/2025\/09\/pan16-8x12.png 8w\" sizes=\"(max-width: 470px) 100vw, 470px\" \/>\t\t\t\t\t\t\t\t\t\t\t\t\t\t\t<\/div>\n\t\t\t\t<\/div>\n\t\t\t\t<\/div>\n\t\t\t\t<\/div>\n\t\t\t\t\t<\/div>\n\t\t\t\t<\/div>\n\t\t<div class=\"elementor-element elementor-element-2531f793 pan-reviews e-flex e-con-boxed e-con e-parent\" data-id=\"2531f793\" data-element_type=\"container\">\n\t\t\t\t\t<div class=\"e-con-inner\">\n\t\t<div class=\"elementor-element elementor-element-7439185f e-con-full e-flex e-con e-child\" data-id=\"7439185f\" data-element_type=\"container\">\n\t\t<div class=\"elementor-element elementor-element-473492ce e-con-full e-flex e-con e-child\" data-id=\"473492ce\" data-element_type=\"container\" data-settings=\"{&quot;background_background&quot;:&quot;classic&quot;}\">\n\t\t\t\t<div class=\"elementor-element elementor-element-741814c2 elementor-widget__width-inherit elementor-widget elementor-widget-image\" data-id=\"741814c2\" data-element_type=\"widget\" data-widget_type=\"image.default\">\n\t\t\t\t<div class=\"elementor-widget-container\">\n\t\t\t\t\t\t\t\t\t\t\t\t\t\t\t<img decoding=\"async\" width=\"306\" height=\"306\" src=\"https:\/\/paneon.me\/wp-content\/uploads\/2025\/09\/pan3.png\" class=\"attachment-full size-full wp-image-1108\" alt=\"\" srcset=\"https:\/\/paneon.me\/wp-content\/uploads\/2025\/09\/pan3.png 306w, https:\/\/paneon.me\/wp-content\/uploads\/2025\/09\/pan3-300x300.png 300w, https:\/\/paneon.me\/wp-content\/uploads\/2025\/09\/pan3-150x150.png 150w, https:\/\/paneon.me\/wp-content\/uploads\/2025\/09\/pan3-12x12.png 12w\" sizes=\"(max-width: 306px) 100vw, 306px\" \/>\t\t\t\t\t\t\t\t\t\t\t\t\t\t\t<\/div>\n\t\t\t\t<\/div>\n\t\t\t\t<div class=\"elementor-element elementor-element-1dbbd1ab elementor-widget elementor-widget-heading\" data-id=\"1dbbd1ab\" data-element_type=\"widget\" data-widget_type=\"heading.default\">\n\t\t\t\t<div class=\"elementor-widget-container\">\n\t\t\t\t\t<h1 class=\"elementor-heading-title elementor-size-default\">Elvis<\/h1>\t\t\t\t<\/div>\n\t\t\t\t<\/div>\n\t\t\t\t<div class=\"elementor-element elementor-element-4c6f423a elementor-widget elementor-widget-text-editor\" data-id=\"4c6f423a\" data-element_type=\"widget\" data-widget_type=\"text-editor.default\">\n\t\t\t\t<div class=\"elementor-widget-container\">\n\t\t\t\t\t\t\t\t\t<p>2 Jahre<\/p>\t\t\t\t\t\t\t\t<\/div>\n\t\t\t\t<\/div>\n\t\t\t\t<div class=\"elementor-element elementor-element-5f364cb1 elementor-widget elementor-widget-text-editor\" data-id=\"5f364cb1\" data-element_type=\"widget\" data-widget_type=\"text-editor.default\">\n\t\t\t\t<div class=\"elementor-widget-container\">\n\t\t\t\t\t\t\t\t\t<p>\"Alle Magen-Darm-Probleme sind verschwunden!\"<\/p>\t\t\t\t\t\t\t\t<\/div>\n\t\t\t\t<\/div>\n\t\t\t\t<\/div>\n\t\t<div class=\"elementor-element elementor-element-778b1504 e-con-full e-flex e-con e-child\" data-id=\"778b1504\" data-element_type=\"container\" data-settings=\"{&quot;background_background&quot;:&quot;classic&quot;}\">\n\t\t\t\t<div class=\"elementor-element elementor-element-5697b03f elementor-widget__width-inherit elementor-widget elementor-widget-image\" data-id=\"5697b03f\" data-element_type=\"widget\" data-widget_type=\"image.default\">\n\t\t\t\t<div class=\"elementor-widget-container\">\n\t\t\t\t\t\t\t\t\t\t\t\t\t\t\t<img loading=\"lazy\" decoding=\"async\" width=\"306\" height=\"306\" src=\"https:\/\/paneon.me\/wp-content\/uploads\/2025\/09\/pan2.png\" class=\"attachment-full size-full wp-image-1109\" alt=\"\" srcset=\"https:\/\/paneon.me\/wp-content\/uploads\/2025\/09\/pan2.png 306w, https:\/\/paneon.me\/wp-content\/uploads\/2025\/09\/pan2-300x300.png 300w, https:\/\/paneon.me\/wp-content\/uploads\/2025\/09\/pan2-150x150.png 150w, https:\/\/paneon.me\/wp-content\/uploads\/2025\/09\/pan2-12x12.png 12w\" sizes=\"(max-width: 306px) 100vw, 306px\" \/>\t\t\t\t\t\t\t\t\t\t\t\t\t\t\t<\/div>\n\t\t\t\t<\/div>\n\t\t\t\t<div class=\"elementor-element elementor-element-76ed382e elementor-widget elementor-widget-heading\" data-id=\"76ed382e\" data-element_type=\"widget\" data-widget_type=\"heading.default\">\n\t\t\t\t<div class=\"elementor-widget-container\">\n\t\t\t\t\t<h1 class=\"elementor-heading-title elementor-size-default\">Colja<\/h1>\t\t\t\t<\/div>\n\t\t\t\t<\/div>\n\t\t\t\t<div class=\"elementor-element elementor-element-21a95546 elementor-widget elementor-widget-text-editor\" data-id=\"21a95546\" data-element_type=\"widget\" data-widget_type=\"text-editor.default\">\n\t\t\t\t<div class=\"elementor-widget-container\">\n\t\t\t\t\t\t\t\t\t<p>8 Jahre<\/p>\t\t\t\t\t\t\t\t<\/div>\n\t\t\t\t<\/div>\n\t\t\t\t<div class=\"elementor-element elementor-element-217ca373 elementor-widget elementor-widget-text-editor\" data-id=\"217ca373\" data-element_type=\"widget\" data-widget_type=\"text-editor.default\">\n\t\t\t\t<div class=\"elementor-widget-container\">\n\t\t\t\t\t\t\t\t\t<p>\"Struvitsteine geh\u00f6ren der Vergangenheit an. Wundersch\u00f6n gl\u00e4nzendes Fell, viel lebendiger und aufmerksamer.\"<\/p>\t\t\t\t\t\t\t\t<\/div>\n\t\t\t\t<\/div>\n\t\t\t\t<\/div>\n\t\t<div class=\"elementor-element elementor-element-183ec361 e-con-full e-flex e-con e-child\" data-id=\"183ec361\" data-element_type=\"container\" data-settings=\"{&quot;background_background&quot;:&quot;classic&quot;}\">\n\t\t\t\t<div class=\"elementor-element elementor-element-122b6216 elementor-widget__width-inherit elementor-widget elementor-widget-image\" data-id=\"122b6216\" data-element_type=\"widget\" data-widget_type=\"image.default\">\n\t\t\t\t<div class=\"elementor-widget-container\">\n\t\t\t\t\t\t\t\t\t\t\t\t\t\t\t<img loading=\"lazy\" decoding=\"async\" width=\"306\" height=\"306\" src=\"https:\/\/paneon.me\/wp-content\/uploads\/2025\/09\/pan1.png\" class=\"attachment-full size-full wp-image-1110\" alt=\"\" srcset=\"https:\/\/paneon.me\/wp-content\/uploads\/2025\/09\/pan1.png 306w, https:\/\/paneon.me\/wp-content\/uploads\/2025\/09\/pan1-300x300.png 300w, https:\/\/paneon.me\/wp-content\/uploads\/2025\/09\/pan1-150x150.png 150w, https:\/\/paneon.me\/wp-content\/uploads\/2025\/09\/pan1-12x12.png 12w\" sizes=\"(max-width: 306px) 100vw, 306px\" \/>\t\t\t\t\t\t\t\t\t\t\t\t\t\t\t<\/div>\n\t\t\t\t<\/div>\n\t\t\t\t<div class=\"elementor-element elementor-element-49b175f0 elementor-widget elementor-widget-heading\" data-id=\"49b175f0\" data-element_type=\"widget\" data-widget_type=\"heading.default\">\n\t\t\t\t<div class=\"elementor-widget-container\">\n\t\t\t\t\t<h1 class=\"elementor-heading-title elementor-size-default\">Annetts Dog Pack<\/h1>\t\t\t\t<\/div>\n\t\t\t\t<\/div>\n\t\t\t\t<div class=\"elementor-element elementor-element-4fd173a0 elementor-widget elementor-widget-text-editor\" data-id=\"4fd173a0\" data-element_type=\"widget\" data-widget_type=\"text-editor.default\">\n\t\t\t\t<div class=\"elementor-widget-container\">\n\t\t\t\t\t\t\t\t\t<p>2-9 Jahre<\/p>\t\t\t\t\t\t\t\t<\/div>\n\t\t\t\t<\/div>\n\t\t\t\t<div class=\"elementor-element elementor-element-312e449e elementor-widget elementor-widget-text-editor\" data-id=\"312e449e\" data-element_type=\"widget\" data-widget_type=\"text-editor.default\">\n\t\t\t\t<div class=\"elementor-widget-container\">\n\t\t\t\t\t\t\t\t\t<p>\u201eKeine Allergieprobleme mehr, kein Durchfall mehr, viel ausgeglichener, gl\u00e4nzendes Fell.\u201c<\/p>\t\t\t\t\t\t\t\t<\/div>\n\t\t\t\t<\/div>\n\t\t\t\t<\/div>\n\t\t\t\t<\/div>\n\t\t\t\t<div class=\"elementor-element elementor-element-252093f7 elementor-widget__width-initial prime-btn elementor-widget elementor-widget-button\" data-id=\"252093f7\" data-element_type=\"widget\" data-widget_type=\"button.default\">\n\t\t\t\t<div class=\"elementor-widget-container\">\n\t\t\t\t\t\t\t\t\t<div class=\"elementor-button-wrapper\">\n\t\t\t\t\t<a class=\"elementor-button elementor-button-link elementor-size-sm\" href=\"#\">\n\t\t\t\t\t\t<span class=\"elementor-button-content-wrapper\">\n\t\t\t\t\t\t\t\t\t<span class=\"elementor-button-text\">Jetzt einkaufen<\/span>\n\t\t\t\t\t<\/span>\n\t\t\t\t\t<\/a>\n\t\t\t\t<\/div>\n\t\t\t\t\t\t\t\t<\/div>\n\t\t\t\t<\/div>\n\t\t\t\t\t<\/div>\n\t\t\t\t<\/div>\n\t\t\t\t<\/div>","protected":false},"excerpt":{"rendered":"<p>Our Story Why We Exist Our former family dog Max at the age of 14 was deemed to be dying according to our vet proposing to relieve him of his suffering.\u2028Naturally, we were shocked &#8211; it broke our hearts and we were desperate. Luckily, we had stubborn friends constantly pushing us to give him their [&hellip;]<\/p>","protected":false},"author":2,"featured_media":0,"parent":0,"menu_order":0,"comment_status":"closed","ping_status":"closed","template":"","meta":{"footnotes":""},"class_list":["post-1141","page","type-page","status-publish","hentry"],"yoast_head":"<!-- This site is optimized with the Yoast SEO plugin v26.5 - https:\/\/yoast.com\/wordpress\/plugins\/seo\/ -->\n<title>Our Story - Healthy Pet Food Webinar | PANEON Pet Nutrition<\/title>\n<meta name=\"robots\" content=\"index, follow, max-snippet:-1, max-image-preview:large, max-video-preview:-1\" \/>\n<link rel=\"canonical\" href=\"https:\/\/paneon.me\/de\/our-story\/\" \/>\n<script type=\"application\/ld+json\" class=\"yoast-schema-graph\">{\"@context\":\"https:\/\/schema.org\",\"@graph\":[{\"@type\":\"WebPage\",\"@id\":\"https:\/\/paneon.me\/our-story\/\",\"url\":\"https:\/\/paneon.me\/our-story\/\",\"name\":\"Our Story - Healthy Pet Food Webinar | PANEON Pet Nutrition\",\"isPartOf\":{\"@id\":\"https:\/\/paneon.me\/#website\"},\"primaryImageOfPage\":{\"@id\":\"https:\/\/paneon.me\/our-story\/#primaryimage\"},\"image\":{\"@id\":\"https:\/\/paneon.me\/our-story\/#primaryimage\"},\"thumbnailUrl\":\"https:\/\/paneon.me\/wp-content\/uploads\/2025\/09\/elvis15internet1klein_end-1-3-1.webp\",\"datePublished\":\"2025-12-11T21:20:11+00:00\",\"breadcrumb\":{\"@id\":\"https:\/\/paneon.me\/our-story\/#breadcrumb\"},\"inLanguage\":\"de\",\"potentialAction\":[{\"@type\":\"ReadAction\",\"target\":[\"https:\/\/paneon.me\/our-story\/\"]}]},{\"@type\":\"ImageObject\",\"inLanguage\":\"de\",\"@id\":\"https:\/\/paneon.me\/our-story\/#primaryimage\",\"url\":\"https:\/\/paneon.me\/wp-content\/uploads\/2025\/09\/elvis15internet1klein_end-1-3-1.webp\",\"contentUrl\":\"https:\/\/paneon.me\/wp-content\/uploads\/2025\/09\/elvis15internet1klein_end-1-3-1.webp\"},{\"@type\":\"BreadcrumbList\",\"@id\":\"https:\/\/paneon.me\/our-story\/#breadcrumb\",\"itemListElement\":[{\"@type\":\"ListItem\",\"position\":1,\"name\":\"Home\",\"item\":\"https:\/\/paneon.me\/\"},{\"@type\":\"ListItem\",\"position\":2,\"name\":\"Our Story\"}]},{\"@type\":\"WebSite\",\"@id\":\"https:\/\/paneon.me\/#website\",\"url\":\"https:\/\/paneon.me\/\",\"name\":\"Healthy Pet Food Webinar | PANEON Pet Nutrition\",\"description\":\"Join PANEON\u2019s free webinar to discover how our natural pet food boosts pet health with no additives needed. Save your spot now!\",\"publisher\":{\"@id\":\"https:\/\/paneon.me\/#organization\"},\"potentialAction\":[{\"@type\":\"SearchAction\",\"target\":{\"@type\":\"EntryPoint\",\"urlTemplate\":\"https:\/\/paneon.me\/?s={search_term_string}\"},\"query-input\":{\"@type\":\"PropertyValueSpecification\",\"valueRequired\":true,\"valueName\":\"search_term_string\"}}],\"inLanguage\":\"de\"},{\"@type\":\"Organization\",\"@id\":\"https:\/\/paneon.me\/#organization\",\"name\":\"Healthy Pet Food Webinar | PANEON Pet Nutrition\",\"url\":\"https:\/\/paneon.me\/\",\"logo\":{\"@type\":\"ImageObject\",\"inLanguage\":\"de\",\"@id\":\"https:\/\/paneon.me\/#\/schema\/logo\/image\/\",\"url\":\"https:\/\/paneon.me\/wp-content\/uploads\/2025\/09\/paneon_logo.webp\",\"contentUrl\":\"https:\/\/paneon.me\/wp-content\/uploads\/2025\/09\/paneon_logo.webp\",\"width\":120,\"height\":70,\"caption\":\"Healthy Pet Food Webinar | PANEON Pet Nutrition\"},\"image\":{\"@id\":\"https:\/\/paneon.me\/#\/schema\/logo\/image\/\"}}]}<\/script>\n<!-- \/ Yoast SEO plugin. -->","yoast_head_json":{"title":"Our Story - Healthy Pet Food Webinar | PANEON Pet Nutrition","robots":{"index":"index","follow":"follow","max-snippet":"max-snippet:-1","max-image-preview":"max-image-preview:large","max-video-preview":"max-video-preview:-1"},"canonical":"https:\/\/paneon.me\/de\/our-story\/","schema":{"@context":"https:\/\/schema.org","@graph":[{"@type":"WebPage","@id":"https:\/\/paneon.me\/our-story\/","url":"https:\/\/paneon.me\/our-story\/","name":"Our Story - Healthy Pet Food Webinar | PANEON Pet Nutrition","isPartOf":{"@id":"https:\/\/paneon.me\/#website"},"primaryImageOfPage":{"@id":"https:\/\/paneon.me\/our-story\/#primaryimage"},"image":{"@id":"https:\/\/paneon.me\/our-story\/#primaryimage"},"thumbnailUrl":"https:\/\/paneon.me\/wp-content\/uploads\/2025\/09\/elvis15internet1klein_end-1-3-1.webp","datePublished":"2025-12-11T21:20:11+00:00","breadcrumb":{"@id":"https:\/\/paneon.me\/our-story\/#breadcrumb"},"inLanguage":"de","potentialAction":[{"@type":"ReadAction","target":["https:\/\/paneon.me\/our-story\/"]}]},{"@type":"ImageObject","inLanguage":"de","@id":"https:\/\/paneon.me\/our-story\/#primaryimage","url":"https:\/\/paneon.me\/wp-content\/uploads\/2025\/09\/elvis15internet1klein_end-1-3-1.webp","contentUrl":"https:\/\/paneon.me\/wp-content\/uploads\/2025\/09\/elvis15internet1klein_end-1-3-1.webp"},{"@type":"BreadcrumbList","@id":"https:\/\/paneon.me\/our-story\/#breadcrumb","itemListElement":[{"@type":"ListItem","position":1,"name":"Home","item":"https:\/\/paneon.me\/"},{"@type":"ListItem","position":2,"name":"Our Story"}]},{"@type":"WebSite","@id":"https:\/\/paneon.me\/#website","url":"https:\/\/paneon.me\/","name":"Healthy Pet Food Webinar | PANEON Pet Nutrition","description":"Join PANEON\u2019s free webinar to discover how our natural pet food boosts pet health with no additives needed. Save your spot now!","publisher":{"@id":"https:\/\/paneon.me\/#organization"},"potentialAction":[{"@type":"SearchAction","target":{"@type":"EntryPoint","urlTemplate":"https:\/\/paneon.me\/?s={search_term_string}"},"query-input":{"@type":"PropertyValueSpecification","valueRequired":true,"valueName":"search_term_string"}}],"inLanguage":"de"},{"@type":"Organization","@id":"https:\/\/paneon.me\/#organization","name":"Healthy Pet Food Webinar | PANEON Pet Nutrition","url":"https:\/\/paneon.me\/","logo":{"@type":"ImageObject","inLanguage":"de","@id":"https:\/\/paneon.me\/#\/schema\/logo\/image\/","url":"https:\/\/paneon.me\/wp-content\/uploads\/2025\/09\/paneon_logo.webp","contentUrl":"https:\/\/paneon.me\/wp-content\/uploads\/2025\/09\/paneon_logo.webp","width":120,"height":70,"caption":"Healthy Pet Food Webinar | PANEON Pet Nutrition"},"image":{"@id":"https:\/\/paneon.me\/#\/schema\/logo\/image\/"}}]}},"_links":{"self":[{"href":"https:\/\/paneon.me\/de\/wp-json\/wp\/v2\/pages\/1141","targetHints":{"allow":["GET"]}}],"collection":[{"href":"https:\/\/paneon.me\/de\/wp-json\/wp\/v2\/pages"}],"about":[{"href":"https:\/\/paneon.me\/de\/wp-json\/wp\/v2\/types\/page"}],"author":[{"embeddable":true,"href":"https:\/\/paneon.me\/de\/wp-json\/wp\/v2\/users\/2"}],"replies":[{"embeddable":true,"href":"https:\/\/paneon.me\/de\/wp-json\/wp\/v2\/comments?post=1141"}],"version-history":[{"count":37,"href":"https:\/\/paneon.me\/de\/wp-json\/wp\/v2\/pages\/1141\/revisions"}],"predecessor-version":[{"id":1420,"href":"https:\/\/paneon.me\/de\/wp-json\/wp\/v2\/pages\/1141\/revisions\/1420"}],"wp:attachment":[{"href":"https:\/\/paneon.me\/de\/wp-json\/wp\/v2\/media?parent=1141"}],"curies":[{"name":"wp","href":"https:\/\/api.w.org\/{rel}","templated":true}]}}