{"id":1571,"date":"2025-12-10T12:05:36","date_gmt":"2025-12-10T12:05:36","guid":{"rendered":"https:\/\/paneon.me\/?page_id=1571"},"modified":"2026-01-13T16:19:19","modified_gmt":"2026-01-13T16:19:19","slug":"webinar-registration","status":"publish","type":"page","link":"https:\/\/paneon.me\/de\/webinar-registration\/","title":{"rendered":"Webinar Registration"},"content":{"rendered":"<div data-elementor-type=\"wp-page\" data-elementor-id=\"1571\" class=\"elementor elementor-1571\" data-elementor-post-type=\"page\">\n\t\t\t\t<div class=\"elementor-element elementor-element-1419b85 e-con-full e-flex e-con e-parent\" data-id=\"1419b85\" data-element_type=\"container\" data-settings=\"{&quot;background_background&quot;:&quot;classic&quot;}\">\n\t\t<div class=\"elementor-element elementor-element-203ab1a e-con-full e-flex e-con e-child\" data-id=\"203ab1a\" data-element_type=\"container\">\n\t\t\t\t<div class=\"elementor-element elementor-element-b8e2041 elementor-widget elementor-widget-heading\" data-id=\"b8e2041\" data-element_type=\"widget\" data-widget_type=\"heading.default\">\n\t\t\t\t<div class=\"elementor-widget-container\">\n\t\t\t\t\t<h2 class=\"elementor-heading-title elementor-size-default\">Registriere Dich f\u00fcr den PANEON Livestream<\/h2>\t\t\t\t<\/div>\n\t\t\t\t<\/div>\n\t\t\t\t<div class=\"elementor-element elementor-element-1c354d0 elementor-widget elementor-widget-text-editor\" data-id=\"1c354d0\" data-element_type=\"widget\" data-widget_type=\"text-editor.default\">\n\t\t\t\t<div class=\"elementor-widget-container\">\n\t\t\t\t\t\t\t\t\t<p>Ist Dir die Gesundheit Deines Haustieres wichtig? M\u00f6chtest Du sicherstellen, dass Du das Beste f\u00fcr Dein Haustier tust?<\/p>\n\n<p>Wir informieren Dich \u00fcber die Grundlagen der Tiergesundheit, die Tricks und T\u00e4uschungen der Heimtierfutterindustrie und die Wirksamkeit einer m\u00f6glichst naturnahen Ern\u00e4hrung.<\/p>\n\n<p>Registriere Dich jetzt und erfahre in unserem Online-Vortrag \u00fcber die Gefahren und Fallstricke und wie Du sie vermeiden kannst, damit Dein pelziger Freund ein gl\u00fcckliches, langes und gesundes Leben f\u00fchrt!<\/p>\t\t\t\t\t\t\t\t<\/div>\n\t\t\t\t<\/div>\n\t\t\t\t<div class=\"elementor-element elementor-element-7992c9b elementor-widget elementor-widget-button\" data-id=\"7992c9b\" data-element_type=\"widget\" data-widget_type=\"button.default\">\n\t\t\t\t<div class=\"elementor-widget-container\">\n\t\t\t\t\t\t\t\t\t<div class=\"elementor-button-wrapper\">\n\t\t\t\t\t<a class=\"elementor-button elementor-button-link elementor-size-sm\" href=\"#elementor-action%3Aaction%3Dpopup%3Aopen%26settings%3DeyJpZCI6IjU5IiwidG9nZ2xlIjpmYWxzZX0%3D\">\n\t\t\t\t\t\t<span class=\"elementor-button-content-wrapper\">\n\t\t\t\t\t\t\t\t\t<span class=\"elementor-button-text\">Jetzt registrieren<\/span>\n\t\t\t\t\t<\/span>\n\t\t\t\t\t<\/a>\n\t\t\t\t<\/div>\n\t\t\t\t\t\t\t\t<\/div>\n\t\t\t\t<\/div>\n\t\t\t\t<\/div>\n\t\t\t\t<\/div>\n\t\t\t\t<\/div>","protected":false},"excerpt":{"rendered":"<p>Register For The PANEON Livestream Is your pet&#8217;s health important to you? Do you want to ensure you are doing the best for your pet? We will inform you about the basics of animal health, the tricks and deceptions of the pet food industry, and the effectiveness of a diet as close to nature as [&hellip;]<\/p>","protected":false},"author":6,"featured_media":0,"parent":0,"menu_order":0,"comment_status":"closed","ping_status":"closed","template":"","meta":{"footnotes":""},"class_list":["post-1571","page","type-page","status-publish","hentry"],"yoast_head":"<!-- This site is optimized with the Yoast SEO plugin v26.5 - https:\/\/yoast.com\/wordpress\/plugins\/seo\/ -->\n<title>Webinar Registration - Healthy Pet Food Webinar | PANEON Pet Nutrition<\/title>\n<meta name=\"robots\" content=\"index, follow, max-snippet:-1, max-image-preview:large, max-video-preview:-1\" \/>\n<link rel=\"canonical\" href=\"https:\/\/paneon.me\/de\/webinar-registration\/\" \/>\n<script type=\"application\/ld+json\" class=\"yoast-schema-graph\">{\"@context\":\"https:\/\/schema.org\",\"@graph\":[{\"@type\":\"WebPage\",\"@id\":\"https:\/\/paneon.me\/webinar-registration\/\",\"url\":\"https:\/\/paneon.me\/webinar-registration\/\",\"name\":\"Webinar Registration - Healthy Pet Food Webinar | PANEON Pet Nutrition\",\"isPartOf\":{\"@id\":\"https:\/\/paneon.me\/#website\"},\"datePublished\":\"2025-12-10T12:05:36+00:00\",\"dateModified\":\"2026-01-13T16:19:19+00:00\",\"breadcrumb\":{\"@id\":\"https:\/\/paneon.me\/webinar-registration\/#breadcrumb\"},\"inLanguage\":\"de\",\"potentialAction\":[{\"@type\":\"ReadAction\",\"target\":[\"https:\/\/paneon.me\/webinar-registration\/\"]}]},{\"@type\":\"BreadcrumbList\",\"@id\":\"https:\/\/paneon.me\/webinar-registration\/#breadcrumb\",\"itemListElement\":[{\"@type\":\"ListItem\",\"position\":1,\"name\":\"Home\",\"item\":\"https:\/\/paneon.me\/\"},{\"@type\":\"ListItem\",\"position\":2,\"name\":\"Webinar Registration\"}]},{\"@type\":\"WebSite\",\"@id\":\"https:\/\/paneon.me\/#website\",\"url\":\"https:\/\/paneon.me\/\",\"name\":\"Healthy Pet Food Webinar | PANEON Pet Nutrition\",\"description\":\"Join PANEON\u2019s free webinar to discover how our natural pet food boosts pet health with no additives needed. Save your spot now!\",\"publisher\":{\"@id\":\"https:\/\/paneon.me\/#organization\"},\"potentialAction\":[{\"@type\":\"SearchAction\",\"target\":{\"@type\":\"EntryPoint\",\"urlTemplate\":\"https:\/\/paneon.me\/?s={search_term_string}\"},\"query-input\":{\"@type\":\"PropertyValueSpecification\",\"valueRequired\":true,\"valueName\":\"search_term_string\"}}],\"inLanguage\":\"de\"},{\"@type\":\"Organization\",\"@id\":\"https:\/\/paneon.me\/#organization\",\"name\":\"Healthy Pet Food Webinar | PANEON Pet Nutrition\",\"url\":\"https:\/\/paneon.me\/\",\"logo\":{\"@type\":\"ImageObject\",\"inLanguage\":\"de\",\"@id\":\"https:\/\/paneon.me\/#\/schema\/logo\/image\/\",\"url\":\"https:\/\/paneon.me\/wp-content\/uploads\/2025\/09\/paneon_logo.webp\",\"contentUrl\":\"https:\/\/paneon.me\/wp-content\/uploads\/2025\/09\/paneon_logo.webp\",\"width\":120,\"height\":70,\"caption\":\"Healthy Pet Food Webinar | PANEON Pet Nutrition\"},\"image\":{\"@id\":\"https:\/\/paneon.me\/#\/schema\/logo\/image\/\"}}]}<\/script>\n<!-- \/ Yoast SEO plugin. -->","yoast_head_json":{"title":"Webinar Registration - Healthy Pet Food Webinar | PANEON Pet Nutrition","robots":{"index":"index","follow":"follow","max-snippet":"max-snippet:-1","max-image-preview":"max-image-preview:large","max-video-preview":"max-video-preview:-1"},"canonical":"https:\/\/paneon.me\/de\/webinar-registration\/","schema":{"@context":"https:\/\/schema.org","@graph":[{"@type":"WebPage","@id":"https:\/\/paneon.me\/webinar-registration\/","url":"https:\/\/paneon.me\/webinar-registration\/","name":"Webinar Registration - Healthy Pet Food Webinar | PANEON Pet Nutrition","isPartOf":{"@id":"https:\/\/paneon.me\/#website"},"datePublished":"2025-12-10T12:05:36+00:00","dateModified":"2026-01-13T16:19:19+00:00","breadcrumb":{"@id":"https:\/\/paneon.me\/webinar-registration\/#breadcrumb"},"inLanguage":"de","potentialAction":[{"@type":"ReadAction","target":["https:\/\/paneon.me\/webinar-registration\/"]}]},{"@type":"BreadcrumbList","@id":"https:\/\/paneon.me\/webinar-registration\/#breadcrumb","itemListElement":[{"@type":"ListItem","position":1,"name":"Home","item":"https:\/\/paneon.me\/"},{"@type":"ListItem","position":2,"name":"Webinar Registration"}]},{"@type":"WebSite","@id":"https:\/\/paneon.me\/#website","url":"https:\/\/paneon.me\/","name":"Healthy Pet Food Webinar | PANEON Pet Nutrition","description":"Join PANEON\u2019s free webinar to discover how our natural pet food boosts pet health with no additives needed. Save your spot now!","publisher":{"@id":"https:\/\/paneon.me\/#organization"},"potentialAction":[{"@type":"SearchAction","target":{"@type":"EntryPoint","urlTemplate":"https:\/\/paneon.me\/?s={search_term_string}"},"query-input":{"@type":"PropertyValueSpecification","valueRequired":true,"valueName":"search_term_string"}}],"inLanguage":"de"},{"@type":"Organization","@id":"https:\/\/paneon.me\/#organization","name":"Healthy Pet Food Webinar | PANEON Pet Nutrition","url":"https:\/\/paneon.me\/","logo":{"@type":"ImageObject","inLanguage":"de","@id":"https:\/\/paneon.me\/#\/schema\/logo\/image\/","url":"https:\/\/paneon.me\/wp-content\/uploads\/2025\/09\/paneon_logo.webp","contentUrl":"https:\/\/paneon.me\/wp-content\/uploads\/2025\/09\/paneon_logo.webp","width":120,"height":70,"caption":"Healthy Pet Food Webinar | PANEON Pet Nutrition"},"image":{"@id":"https:\/\/paneon.me\/#\/schema\/logo\/image\/"}}]}},"_links":{"self":[{"href":"https:\/\/paneon.me\/de\/wp-json\/wp\/v2\/pages\/1571","targetHints":{"allow":["GET"]}}],"collection":[{"href":"https:\/\/paneon.me\/de\/wp-json\/wp\/v2\/pages"}],"about":[{"href":"https:\/\/paneon.me\/de\/wp-json\/wp\/v2\/types\/page"}],"author":[{"embeddable":true,"href":"https:\/\/paneon.me\/de\/wp-json\/wp\/v2\/users\/6"}],"replies":[{"embeddable":true,"href":"https:\/\/paneon.me\/de\/wp-json\/wp\/v2\/comments?post=1571"}],"version-history":[{"count":29,"href":"https:\/\/paneon.me\/de\/wp-json\/wp\/v2\/pages\/1571\/revisions"}],"predecessor-version":[{"id":1747,"href":"https:\/\/paneon.me\/de\/wp-json\/wp\/v2\/pages\/1571\/revisions\/1747"}],"wp:attachment":[{"href":"https:\/\/paneon.me\/de\/wp-json\/wp\/v2\/media?parent=1571"}],"curies":[{"name":"wp","href":"https:\/\/api.w.org\/{rel}","templated":true}]}}