{"id":668,"date":"2025-09-10T16:04:06","date_gmt":"2025-09-10T16:04:06","guid":{"rendered":"https:\/\/paneon.me\/?page_id=668"},"modified":"2025-12-11T21:13:25","modified_gmt":"2025-12-11T21:13:25","slug":"blog","status":"publish","type":"page","link":"https:\/\/paneon.me\/de\/blog\/","title":{"rendered":"Blog"},"content":{"rendered":"<div data-elementor-type=\"wp-page\" data-elementor-id=\"668\" class=\"elementor elementor-668\" data-elementor-post-type=\"page\">\n\t\t\t\t<div class=\"elementor-element elementor-element-4a0eda88 e-con-full e-flex e-con e-parent\" data-id=\"4a0eda88\" data-element_type=\"container\">\n\t\t<div class=\"elementor-element elementor-element-5faad2e e-flex e-con-boxed e-con e-child\" data-id=\"5faad2e\" data-element_type=\"container\" data-settings=\"{&quot;background_background&quot;:&quot;classic&quot;}\">\n\t\t\t\t\t<div class=\"e-con-inner\">\n\t\t\t\t<div class=\"elementor-element elementor-element-ca7700f elementor-widget__width-initial elementor-widget-tablet__width-initial elementor-widget elementor-widget-heading\" data-id=\"ca7700f\" data-element_type=\"widget\" data-widget_type=\"heading.default\">\n\t\t\t\t<div class=\"elementor-widget-container\">\n\t\t\t\t\t<h1 class=\"elementor-heading-title elementor-size-default\">Die Kraft der Natur<\/h1>\t\t\t\t<\/div>\n\t\t\t\t<\/div>\n\t\t\t\t<div class=\"elementor-element elementor-element-4b2a6851 elementor-widget elementor-widget-video\" data-id=\"4b2a6851\" data-element_type=\"widget\" data-settings=\"{&quot;youtube_url&quot;:&quot;https:\\\/\\\/www.youtube.com\\\/watch?v=XHOmBV4js_E&quot;,&quot;video_type&quot;:&quot;youtube&quot;,&quot;controls&quot;:&quot;yes&quot;}\" data-widget_type=\"video.default\">\n\t\t\t\t<div class=\"elementor-widget-container\">\n\t\t\t\t\t\t\t<div class=\"elementor-wrapper elementor-open-inline\">\n\t\t\t<div class=\"elementor-video\"><\/div>\t\t<\/div>\n\t\t\t\t\t\t<\/div>\n\t\t\t\t<\/div>\n\t\t\t\t\t<\/div>\n\t\t\t\t<\/div>\n\t\t<div class=\"elementor-element elementor-element-24c6f4a e-flex e-con-boxed e-con e-child\" data-id=\"24c6f4a\" data-element_type=\"container\" data-settings=\"{&quot;background_background&quot;:&quot;classic&quot;}\">\n\t\t\t\t\t<div class=\"e-con-inner\">\n\t\t<div class=\"elementor-element elementor-element-c775a03 e-con-full e-flex e-con e-child\" data-id=\"c775a03\" data-element_type=\"container\">\n\t\t\t\t<div class=\"elementor-element elementor-element-242c0f7 elementor-grid-1 elementor-widget__width-initial elementor-grid-tablet-1 elementor-grid-mobile-1 elementor-posts--thumbnail-top elementor-posts__hover-gradient elementor-widget elementor-widget-posts\" data-id=\"242c0f7\" data-element_type=\"widget\" id=\"blog-page\" data-settings=\"{&quot;cards_columns&quot;:&quot;1&quot;,&quot;pagination_type&quot;:&quot;numbers_and_prev_next&quot;,&quot;cards_row_gap&quot;:{&quot;unit&quot;:&quot;px&quot;,&quot;size&quot;:30,&quot;sizes&quot;:[]},&quot;cards_columns_tablet&quot;:&quot;1&quot;,&quot;cards_columns_mobile&quot;:&quot;1&quot;,&quot;cards_row_gap_tablet&quot;:{&quot;unit&quot;:&quot;px&quot;,&quot;size&quot;:&quot;&quot;,&quot;sizes&quot;:[]},&quot;cards_row_gap_mobile&quot;:{&quot;unit&quot;:&quot;px&quot;,&quot;size&quot;:&quot;&quot;,&quot;sizes&quot;:[]}}\" data-widget_type=\"posts.cards\">\n\t\t\t\t<div class=\"elementor-widget-container\">\n\t\t\t\t\t\t\t<div class=\"elementor-posts-container elementor-posts elementor-posts--skin-cards elementor-grid\" role=\"list\">\n\t\t\t\t<article class=\"elementor-post elementor-grid-item post-915 post type-post status-publish format-standard has-post-thumbnail hentry category-uncategorized\" role=\"listitem\">\n\t\t\t<div class=\"elementor-post__card\">\n\t\t\t\t<a class=\"elementor-post__thumbnail__link\" href=\"https:\/\/paneon.me\/de\/why-is-paneon-natural-menu-affordable-the-comparison-speaks-for-itself\/\" tabindex=\"-1\" target=\"_blank\"><div class=\"elementor-post__thumbnail\"><img fetchpriority=\"high\" decoding=\"async\" width=\"1255\" height=\"1200\" src=\"https:\/\/paneon.me\/wp-content\/uploads\/2025\/09\/Genauer_Vergleich.webp\" class=\"attachment-full size-full wp-image-917\" alt=\"\" srcset=\"https:\/\/paneon.me\/wp-content\/uploads\/2025\/09\/Genauer_Vergleich.webp 1255w, https:\/\/paneon.me\/wp-content\/uploads\/2025\/09\/Genauer_Vergleich-300x287.webp 300w, https:\/\/paneon.me\/wp-content\/uploads\/2025\/09\/Genauer_Vergleich-1024x979.webp 1024w, https:\/\/paneon.me\/wp-content\/uploads\/2025\/09\/Genauer_Vergleich-768x734.webp 768w, https:\/\/paneon.me\/wp-content\/uploads\/2025\/09\/Genauer_Vergleich-13x12.webp 13w\" sizes=\"(max-width: 1255px) 100vw, 1255px\" \/><\/div><\/a>\n\t\t\t\t<div class=\"elementor-post__text\">\n\t\t\t\t<h2 class=\"elementor-post__title\">\n\t\t\t<a href=\"https:\/\/paneon.me\/de\/why-is-paneon-natural-menu-affordable-the-comparison-speaks-for-itself\/\" target=\"&quot;_blank&quot;\">\n\t\t\t\tWhy Is PANEON Natural Menu Affordable? The Comparison Speaks for Itself\t\t\t<\/a>\n\t\t<\/h2>\n\t\t\t\t<div class=\"elementor-post__excerpt\">\n\t\t\t<p>AnswerThe high quality of our food reduces the amount needed, which puts the price into perspective. To our knowledge, there is no product that matches our quality. Yet even when compared to low-cost food, PANEON Natural Nutrition performs remarkably well. Price ComparisonWe kept it simple: we compared the feeding recommendations<\/p>\n\t\t<\/div>\n\t\t\t\t<\/div>\n\t\t\t\t<div class=\"elementor-post__meta-data\">\n\t\t\t\t\t<span class=\"elementor-post-author\">\n\t\t\tNaXum Admin\t\t<\/span>\n\t\t\t\t<span class=\"elementor-post-date\">\n\t\t\tSeptember 11, 2025\t\t<\/span>\n\t\t\t\t<\/div>\n\t\t\t\t\t<\/div>\n\t\t<\/article>\n\t\t\t\t<article class=\"elementor-post elementor-grid-item post-880 post type-post status-publish format-standard has-post-thumbnail hentry category-uncategorized\" role=\"listitem\">\n\t\t\t<div class=\"elementor-post__card\">\n\t\t\t\t<a class=\"elementor-post__thumbnail__link\" href=\"https:\/\/paneon.me\/de\/post-2\/\" tabindex=\"-1\" target=\"_blank\"><div class=\"elementor-post__thumbnail\"><img decoding=\"async\" width=\"2560\" height=\"1362\" src=\"https:\/\/paneon.me\/wp-content\/uploads\/2025\/09\/happy_pets-scaled.webp\" class=\"attachment-full size-full wp-image-484\" alt=\"\" srcset=\"https:\/\/paneon.me\/wp-content\/uploads\/2025\/09\/happy_pets-scaled.webp 2560w, https:\/\/paneon.me\/wp-content\/uploads\/2025\/09\/happy_pets-300x160.webp 300w, https:\/\/paneon.me\/wp-content\/uploads\/2025\/09\/happy_pets-1024x545.webp 1024w, https:\/\/paneon.me\/wp-content\/uploads\/2025\/09\/happy_pets-768x409.webp 768w, https:\/\/paneon.me\/wp-content\/uploads\/2025\/09\/happy_pets-1536x817.webp 1536w, https:\/\/paneon.me\/wp-content\/uploads\/2025\/09\/happy_pets-2048x1089.webp 2048w, https:\/\/paneon.me\/wp-content\/uploads\/2025\/09\/happy_pets-18x10.webp 18w\" sizes=\"(max-width: 2560px) 100vw, 2560px\" \/><\/div><\/a>\n\t\t\t\t<div class=\"elementor-post__text\">\n\t\t\t\t<h2 class=\"elementor-post__title\">\n\t\t\t<a href=\"https:\/\/paneon.me\/de\/post-2\/\" target=\"&quot;_blank&quot;\">\n\t\t\t\tPOST 2\t\t\t<\/a>\n\t\t<\/h2>\n\t\t\t\t<div class=\"elementor-post__excerpt\">\n\t\t\t<p>Wir haben ganz simpel die F\u00fctterungsempfehlung f\u00fcr einen 20 kg Hund bei verschiedenen Herstellern verglichen. Wenn man dann sieht, wie gro\u00df der Unterschied ist, leuchtet auch ein, warum PANEON g\u00fcnstiger ist, als es auf den ersten Blick scheint. So haben wir bei einem \u201cStandard\u201d Produkt die unfassbare 3fache Menge als<\/p>\n\t\t<\/div>\n\t\t\t\t<\/div>\n\t\t\t\t<div class=\"elementor-post__meta-data\">\n\t\t\t\t\t<span class=\"elementor-post-author\">\n\t\t\tNaXum Admin\t\t<\/span>\n\t\t\t\t<span class=\"elementor-post-date\">\n\t\t\tSeptember 10, 2025\t\t<\/span>\n\t\t\t\t<\/div>\n\t\t\t\t\t<\/div>\n\t\t<\/article>\n\t\t\t\t<\/div>\n\t\t\n\t\t\t\t<div class=\"e-load-more-anchor\" data-page=\"1\" data-max-page=\"2\" data-next-page=\"https:\/\/paneon.me\/de\/?e-page-242c0f7=2\"><\/div>\n\t\t\t\t<nav class=\"elementor-pagination\" aria-label=\"Pagination\">\n\t\t\t<span class=\"page-numbers prev\">\u00ab Zur\u00fcck<\/span>\n<span aria-current=\"page\" class=\"page-numbers current\"><span class=\"elementor-screen-only\">Page<\/span>1<\/span>\n<a class=\"page-numbers\" href=\"https:\/\/paneon.me\/de\/wp-json\/wp\/v2\/pages\/668\/?e-page-242c0f7=2\"><span class=\"elementor-screen-only\">Page<\/span>2<\/a>\n<a class=\"page-numbers next\" href=\"https:\/\/paneon.me\/de\/?e-page-242c0f7=2\">Weiter \u00bb<\/a>\t\t<\/nav>\n\t\t\t\t\t\t<\/div>\n\t\t\t\t<\/div>\n\t\t\t\t<\/div>\n\t\t<div class=\"elementor-element elementor-element-36d67e87 e-con-full e-flex e-con e-child\" data-id=\"36d67e87\" data-element_type=\"container\" id=\"side-bar\" data-settings=\"{&quot;background_background&quot;:&quot;classic&quot;}\">\n\t\t\t\t<div class=\"elementor-element elementor-element-2533a009 elementor-widget elementor-widget-theme-site-logo elementor-widget-image\" data-id=\"2533a009\" data-element_type=\"widget\" data-widget_type=\"theme-site-logo.default\">\n\t\t\t\t<div class=\"elementor-widget-container\">\n\t\t\t\t\t\t\t\t\t\t\t<a href=\"https:\/\/paneon.me\/de\">\n\t\t\t<img decoding=\"async\" width=\"120\" height=\"70\" src=\"https:\/\/paneon.me\/wp-content\/uploads\/2025\/09\/paneon_logo.webp\" class=\"attachment-full size-full wp-image-14\" alt=\"\" \/>\t\t\t\t<\/a>\n\t\t\t\t\t\t\t\t\t\t\t<\/div>\n\t\t\t\t<\/div>\n\t\t\t\t<div class=\"elementor-element elementor-element-13d2273a elementor-widget elementor-widget-text-editor\" data-id=\"13d2273a\" data-element_type=\"widget\" data-widget_type=\"text-editor.default\">\n\t\t\t\t<div class=\"elementor-widget-container\">\n\t\t\t\t\t\t\t\t\t<p>Probieren Sie PANEON noch heute aus und sehen Sie, wie Qualit\u00e4t die Futtermenge und die langfristigen Kosten reduziert<\/p>\t\t\t\t\t\t\t\t<\/div>\n\t\t\t\t<\/div>\n\t\t\t\t<div class=\"elementor-element elementor-element-3e7030a elementor-widget elementor-widget-heading\" data-id=\"3e7030a\" data-element_type=\"widget\" data-widget_type=\"heading.default\">\n\t\t\t\t<div class=\"elementor-widget-container\">\n\t\t\t\t\t<h2 class=\"elementor-heading-title elementor-size-default\">Probieren Sie PANEON noch heute aus und sehen Sie, wie Qualit\u00e4t die Futtermenge und die langfristigen Kosten reduziert<\/h2>\t\t\t\t<\/div>\n\t\t\t\t<\/div>\n\t\t\t\t<div class=\"elementor-element elementor-element-4df4811 elementor-align-center elementor-mobile-align-left elementor-widget elementor-widget-button\" data-id=\"4df4811\" data-element_type=\"widget\" data-widget_type=\"button.default\">\n\t\t\t\t<div class=\"elementor-widget-container\">\n\t\t\t\t\t\t\t\t\t<div class=\"elementor-button-wrapper\">\n\t\t\t\t\t<a class=\"elementor-button elementor-button-link elementor-size-sm\" href=\"#\">\n\t\t\t\t\t\t<span class=\"elementor-button-content-wrapper\">\n\t\t\t\t\t\t\t\t\t<span class=\"elementor-button-text\">Starte jetzt!<\/span>\n\t\t\t\t\t<\/span>\n\t\t\t\t\t<\/a>\n\t\t\t\t<\/div>\n\t\t\t\t\t\t\t\t<\/div>\n\t\t\t\t<\/div>\n\t\t\t\t<\/div>\n\t\t\t\t\t<\/div>\n\t\t\t\t<\/div>\n\t\t\t\t<\/div>\n\t\t\t\t<\/div>","protected":false},"excerpt":{"rendered":"<p>The Power of Nature https:\/\/www.youtube.com\/watch?v=XHOmBV4js_E Try PANEON today and see how quality reduces feeding amounts and long-term costs. Try PANEON today and see how quality reduces feeding amounts and long-term costs. TAKE ACTION NOW!<\/p>","protected":false},"author":2,"featured_media":0,"parent":0,"menu_order":0,"comment_status":"closed","ping_status":"closed","template":"","meta":{"footnotes":""},"class_list":["post-668","page","type-page","status-publish","hentry"],"yoast_head":"<!-- This site is optimized with the Yoast SEO plugin v26.5 - https:\/\/yoast.com\/wordpress\/plugins\/seo\/ -->\n<title>PANEON - Nat\u00fcrlich gesund<\/title>\n<meta name=\"description\" content=\"PANEON unterst\u00fctzt die Erneuerung Deines K\u00f6rpers und die Deiner Liebsten: Deiner Familie und auch Deiner Haustiere, egal ob Katze, Hund oder Pferd.\" \/>\n<meta name=\"robots\" content=\"index, follow, max-snippet:-1, max-image-preview:large, max-video-preview:-1\" \/>\n<link rel=\"canonical\" href=\"https:\/\/paneon.me\/de\/blog\/\" \/>\n<script type=\"application\/ld+json\" class=\"yoast-schema-graph\">{\"@context\":\"https:\/\/schema.org\",\"@graph\":[{\"@type\":\"WebPage\",\"@id\":\"https:\/\/paneon.me\/blog\/\",\"url\":\"https:\/\/paneon.me\/blog\/\",\"name\":\"PANEON - Nat\u00fcrlich gesund\",\"isPartOf\":{\"@id\":\"https:\/\/paneon.me\/#website\"},\"datePublished\":\"2025-09-10T16:04:06+00:00\",\"dateModified\":\"2025-12-11T21:13:25+00:00\",\"description\":\"PANEON unterst\u00fctzt die Erneuerung Deines K\u00f6rpers und die Deiner Liebsten: Deiner Familie und auch Deiner Haustiere, egal ob Katze, Hund oder Pferd.\",\"breadcrumb\":{\"@id\":\"https:\/\/paneon.me\/blog\/#breadcrumb\"},\"inLanguage\":\"de\",\"potentialAction\":[{\"@type\":\"ReadAction\",\"target\":[\"https:\/\/paneon.me\/blog\/\"]}]},{\"@type\":\"BreadcrumbList\",\"@id\":\"https:\/\/paneon.me\/blog\/#breadcrumb\",\"itemListElement\":[{\"@type\":\"ListItem\",\"position\":1,\"name\":\"Home\",\"item\":\"https:\/\/paneon.me\/\"},{\"@type\":\"ListItem\",\"position\":2,\"name\":\"Blog\"}]},{\"@type\":\"WebSite\",\"@id\":\"https:\/\/paneon.me\/#website\",\"url\":\"https:\/\/paneon.me\/\",\"name\":\"Healthy Pet Food Webinar | PANEON Pet Nutrition\",\"description\":\"Join PANEON\u2019s free webinar to discover how our natural pet food boosts pet health with no additives needed. Save your spot now!\",\"publisher\":{\"@id\":\"https:\/\/paneon.me\/#organization\"},\"potentialAction\":[{\"@type\":\"SearchAction\",\"target\":{\"@type\":\"EntryPoint\",\"urlTemplate\":\"https:\/\/paneon.me\/?s={search_term_string}\"},\"query-input\":{\"@type\":\"PropertyValueSpecification\",\"valueRequired\":true,\"valueName\":\"search_term_string\"}}],\"inLanguage\":\"de\"},{\"@type\":\"Organization\",\"@id\":\"https:\/\/paneon.me\/#organization\",\"name\":\"Healthy Pet Food Webinar | PANEON Pet Nutrition\",\"url\":\"https:\/\/paneon.me\/\",\"logo\":{\"@type\":\"ImageObject\",\"inLanguage\":\"de\",\"@id\":\"https:\/\/paneon.me\/#\/schema\/logo\/image\/\",\"url\":\"https:\/\/paneon.me\/wp-content\/uploads\/2025\/09\/paneon_logo.webp\",\"contentUrl\":\"https:\/\/paneon.me\/wp-content\/uploads\/2025\/09\/paneon_logo.webp\",\"width\":120,\"height\":70,\"caption\":\"Healthy Pet Food Webinar | PANEON Pet Nutrition\"},\"image\":{\"@id\":\"https:\/\/paneon.me\/#\/schema\/logo\/image\/\"}}]}<\/script>\n<!-- \/ Yoast SEO plugin. -->","yoast_head_json":{"title":"PANEON - Nat\u00fcrlich gesund","description":"PANEON unterst\u00fctzt die Erneuerung Deines K\u00f6rpers und die Deiner Liebsten: Deiner Familie und auch Deiner Haustiere, egal ob Katze, Hund oder Pferd.","robots":{"index":"index","follow":"follow","max-snippet":"max-snippet:-1","max-image-preview":"max-image-preview:large","max-video-preview":"max-video-preview:-1"},"canonical":"https:\/\/paneon.me\/de\/blog\/","schema":{"@context":"https:\/\/schema.org","@graph":[{"@type":"WebPage","@id":"https:\/\/paneon.me\/blog\/","url":"https:\/\/paneon.me\/blog\/","name":"PANEON - Nat\u00fcrlich gesund","isPartOf":{"@id":"https:\/\/paneon.me\/#website"},"datePublished":"2025-09-10T16:04:06+00:00","dateModified":"2025-12-11T21:13:25+00:00","description":"PANEON unterst\u00fctzt die Erneuerung Deines K\u00f6rpers und die Deiner Liebsten: Deiner Familie und auch Deiner Haustiere, egal ob Katze, Hund oder Pferd.","breadcrumb":{"@id":"https:\/\/paneon.me\/blog\/#breadcrumb"},"inLanguage":"de","potentialAction":[{"@type":"ReadAction","target":["https:\/\/paneon.me\/blog\/"]}]},{"@type":"BreadcrumbList","@id":"https:\/\/paneon.me\/blog\/#breadcrumb","itemListElement":[{"@type":"ListItem","position":1,"name":"Home","item":"https:\/\/paneon.me\/"},{"@type":"ListItem","position":2,"name":"Blog"}]},{"@type":"WebSite","@id":"https:\/\/paneon.me\/#website","url":"https:\/\/paneon.me\/","name":"Healthy Pet Food Webinar | PANEON Pet Nutrition","description":"Join PANEON\u2019s free webinar to discover how our natural pet food boosts pet health with no additives needed. Save your spot now!","publisher":{"@id":"https:\/\/paneon.me\/#organization"},"potentialAction":[{"@type":"SearchAction","target":{"@type":"EntryPoint","urlTemplate":"https:\/\/paneon.me\/?s={search_term_string}"},"query-input":{"@type":"PropertyValueSpecification","valueRequired":true,"valueName":"search_term_string"}}],"inLanguage":"de"},{"@type":"Organization","@id":"https:\/\/paneon.me\/#organization","name":"Healthy Pet Food Webinar | PANEON Pet Nutrition","url":"https:\/\/paneon.me\/","logo":{"@type":"ImageObject","inLanguage":"de","@id":"https:\/\/paneon.me\/#\/schema\/logo\/image\/","url":"https:\/\/paneon.me\/wp-content\/uploads\/2025\/09\/paneon_logo.webp","contentUrl":"https:\/\/paneon.me\/wp-content\/uploads\/2025\/09\/paneon_logo.webp","width":120,"height":70,"caption":"Healthy Pet Food Webinar | PANEON Pet Nutrition"},"image":{"@id":"https:\/\/paneon.me\/#\/schema\/logo\/image\/"}}]}},"_links":{"self":[{"href":"https:\/\/paneon.me\/de\/wp-json\/wp\/v2\/pages\/668","targetHints":{"allow":["GET"]}}],"collection":[{"href":"https:\/\/paneon.me\/de\/wp-json\/wp\/v2\/pages"}],"about":[{"href":"https:\/\/paneon.me\/de\/wp-json\/wp\/v2\/types\/page"}],"author":[{"embeddable":true,"href":"https:\/\/paneon.me\/de\/wp-json\/wp\/v2\/users\/2"}],"replies":[{"embeddable":true,"href":"https:\/\/paneon.me\/de\/wp-json\/wp\/v2\/comments?post=668"}],"version-history":[{"count":120,"href":"https:\/\/paneon.me\/de\/wp-json\/wp\/v2\/pages\/668\/revisions"}],"predecessor-version":[{"id":1454,"href":"https:\/\/paneon.me\/de\/wp-json\/wp\/v2\/pages\/668\/revisions\/1454"}],"wp:attachment":[{"href":"https:\/\/paneon.me\/de\/wp-json\/wp\/v2\/media?parent=668"}],"curies":[{"name":"wp","href":"https:\/\/api.w.org\/{rel}","templated":true}]}}